{"id":2513,"date":"2019-11-06T16:29:24","date_gmt":"2019-11-06T16:29:24","guid":{"rendered":"http:\/\/www.taver.es\/politica-de-privacidad\/"},"modified":"2025-03-18T17:13:18","modified_gmt":"2025-03-18T17:13:18","slug":"privacy-policy","status":"publish","type":"page","link":"https:\/\/www.taver.es\/en\/privacy-policy\/","title":{"rendered":"Privacy Policy"},"content":{"rendered":"<section class=\"wpb-content-wrapper\"><p>[vc_row css_animation=&#8221;&#8221; row_type=&#8221;row&#8221; use_row_as_full_screen_section=&#8221;no&#8221; type=&#8221;full_width&#8221; angled_section=&#8221;no&#8221; text_align=&#8221;left&#8221; background_image_as_pattern=&#8221;without_pattern&#8221; padding_bottom=&#8221;50&#8243;][vc_column][vc_column_text]<\/p>\n<h2 style=\"text-align: center;\">Privacy Policy<\/h2>\n<p>[\/vc_column_text][vc_empty_space][\/vc_column][\/vc_row][vc_row css_animation=&#8221;&#8221; row_type=&#8221;row&#8221; use_row_as_full_screen_section=&#8221;no&#8221; type=&#8221;full_width&#8221; angled_section=&#8221;no&#8221; text_align=&#8221;left&#8221; background_image_as_pattern=&#8221;without_pattern&#8221; padding_bottom=&#8221;50&#8243;][vc_column][vc_column_text]<\/p>\n<p class=\"p1\"><span class=\"s1\">En cumplimiento de lo dispuesto en el art\u00edculo 5 de la Ley Org\u00e1nica 15\/1999, de 13 de diciembre, de Protecci\u00f3n de Datos de Car\u00e1cter Personal (LOPD),\u00a0<\/span><span class=\"s1\"><b>CUALITAS INDUSTRIAL, S.A.U. y\/o INSTACLACK INTERNACIONAL, S.A<\/b>.<\/span><span class=\"s1\">, le informa que los datos de car\u00e1cter personal que nos proporcione rellenando el formulario de registro que aparece en esta p\u00e1gina se recoger\u00e1n en ficheros cuyo responsable es\u00a0<b>CUALITAS INDUSTRIAL, S.A.U. y\/o INSTACLACK INTERNACIONAL, S.A<\/b>.\u00a0con la finalidad de desarrollar la gesti\u00f3n contable, fiscal administrativa de los mismos y, as\u00ed como para informarle de nuestros servicios o cualquier otra informaci\u00f3n relevante que pueda ser de su inter\u00e9s. Los datos que se recogen son necesarios para la relaci\u00f3n contractual y el no suministro de ellos significar\u00eda la imposibilidad de mantenerla.<\/span><\/p>\n<p class=\"p1\"><span class=\"s1\"><b>Derecho de Acceso, Rectificaci\u00f3n, Cancelaci\u00f3n u Oposici\u00f3n<\/b><br \/>\nEn cualquier momento el titular de los datos personales podr\u00e1 ejercer sus derechos de acceso, rectificaci\u00f3n, cancelaci\u00f3n y oposici\u00f3n, dirigi\u00e9ndose por escrito a\u00a0<b>CUALITAS INDUSTRIAL, S.A.U. y\/o INSTACLACK INTERNACIONAL, S.A<\/b>., APARTADO DE CORREOS n\u00ba 42 08105 Sant Fost de Campsentelles BARCELONA (ESPA\u00d1A)<br \/>\n<\/span><\/p>\n<p class=\"p1\"><span class=\"s1\">Asimismo, usted reconoce que la informaci\u00f3n y los datos personales recogidos son exactos y veraces. Por esta raz\u00f3n le pedimos que comunique inmediatamente cualquier modificaci\u00f3n de sus datos de car\u00e1cter personal para que la informaci\u00f3n que contienen nuestros ficheros est\u00e9 siempre actualizada y no contenga errores.<\/span><\/p>\n<p class=\"p1\"><span class=\"s1\">En el caso de la cesi\u00f3n de sus datos personales a terceros, se le informar\u00e1 debidamente de la sociedad que los ceda, el tercero a quien se cedan, el tipo de actividades a las que se dedica y la finalidad a que responde la cesi\u00f3n .<\/span><\/p>\n<p class=\"p1\"><span class=\"s1\"><b>Recogida de datos estad\u00edsticos<\/b><br \/>\nEsta p\u00e1gina web no recoge ni almacena datos personales de sus visitantes.<br \/>\n\u00danicamente, con la finalidad de ofrecer el mejor servicio a trav\u00e9s de esta p\u00e1gina, y para facilitar su uso, se analizan el n\u00famero de p\u00e1ginas visitadas, el n\u00famero de visitas, as\u00ed como la actividad de los visitantes de la web, y su frecuencia de utilizaci\u00f3n.<\/span><\/p>\n<p>[\/vc_column_text][vc_empty_space][\/vc_column][\/vc_row]<\/p>\n<\/section>","protected":false},"excerpt":{"rendered":"<p>[vc_row css_animation=&#8221;&#8221; row_type=&#8221;row&#8221; use_row_as_full_screen_section=&#8221;no&#8221; type=&#8221;full_width&#8221; angled_section=&#8221;no&#8221; text_align=&#8221;left&#8221; background_image_as_pattern=&#8221;without_pattern&#8221; padding_bottom=&#8221;50&#8243;][vc_column][vc_column_text] Privacy Policy [\/vc_column_text][vc_empty_space][\/vc_column][\/vc_row][vc_row css_animation=&#8221;&#8221; row_type=&#8221;row&#8221; use_row_as_full_screen_section=&#8221;no&#8221; type=&#8221;full_width&#8221; angled_section=&#8221;no&#8221; text_align=&#8221;left&#8221; background_image_as_pattern=&#8221;without_pattern&#8221; padding_bottom=&#8221;50&#8243;][vc_column][vc_column_text] En cumplimiento de lo dispuesto en el art\u00edculo 5 de la Ley Org\u00e1nica 15\/1999, de 13 de diciembre, de Protecci\u00f3n de Datos de Car\u00e1cter Personal&#8230;<\/p>\n","protected":false},"author":1,"featured_media":0,"parent":0,"menu_order":0,"comment_status":"closed","ping_status":"closed","template":"","meta":{"footnotes":""},"_links":{"self":[{"href":"https:\/\/www.taver.es\/en\/wp-json\/wp\/v2\/pages\/2513"}],"collection":[{"href":"https:\/\/www.taver.es\/en\/wp-json\/wp\/v2\/pages"}],"about":[{"href":"https:\/\/www.taver.es\/en\/wp-json\/wp\/v2\/types\/page"}],"author":[{"embeddable":true,"href":"https:\/\/www.taver.es\/en\/wp-json\/wp\/v2\/users\/1"}],"replies":[{"embeddable":true,"href":"https:\/\/www.taver.es\/en\/wp-json\/wp\/v2\/comments?post=2513"}],"version-history":[{"count":1,"href":"https:\/\/www.taver.es\/en\/wp-json\/wp\/v2\/pages\/2513\/revisions"}],"predecessor-version":[{"id":6485,"href":"https:\/\/www.taver.es\/en\/wp-json\/wp\/v2\/pages\/2513\/revisions\/6485"}],"wp:attachment":[{"href":"https:\/\/www.taver.es\/en\/wp-json\/wp\/v2\/media?parent=2513"}],"curies":[{"name":"wp","href":"https:\/\/api.w.org\/{rel}","templated":true}]}}