{"id":2510,"date":"2019-11-06T16:28:33","date_gmt":"2019-11-06T16:28:33","guid":{"rendered":"http:\/\/www.taver.es\/aviso-legal\/"},"modified":"2025-03-18T17:04:46","modified_gmt":"2025-03-18T17:04:46","slug":"legal-advice","status":"publish","type":"page","link":"https:\/\/www.taver.es\/en\/legal-advice\/","title":{"rendered":"Legal Advice"},"content":{"rendered":"<section class=\"wpb-content-wrapper\"><p>[vc_row css_animation=&#8221;&#8221; row_type=&#8221;row&#8221; use_row_as_full_screen_section=&#8221;no&#8221; type=&#8221;full_width&#8221; angled_section=&#8221;no&#8221; text_align=&#8221;left&#8221; background_image_as_pattern=&#8221;without_pattern&#8221; padding_bottom=&#8221;50&#8243;][vc_column][vc_column_text]<\/p>\n<h2 style=\"text-align: center;\">Legal Advice<\/h2>\n<p>[\/vc_column_text][vc_empty_space][\/vc_column][\/vc_row][vc_row css_animation=&#8221;&#8221; row_type=&#8221;row&#8221; use_row_as_full_screen_section=&#8221;no&#8221; type=&#8221;full_width&#8221; angled_section=&#8221;no&#8221; text_align=&#8221;left&#8221; background_image_as_pattern=&#8221;without_pattern&#8221; padding_bottom=&#8221;50&#8243;][vc_column][vc_column_text]<\/p>\n<div>\n<p>De acuerdo con el art\u00edculo 10 de la Ley 34\/2002, de 11 de Julio, de Servicios de la Sociedad de la Informaci\u00f3n y Comercio Electr\u00f3nico, ponemos en su conocimiento la siguiente informaci\u00f3n:<\/p>\n<p>Los dominios www.taver.es y www.instaclack.com, son dominios de internet de titularidad de <strong>CUALITAS INDUSTRIAL, S.A.U. (A08356446) e INSTACLACK INTERNACIONAL, S.A<\/strong>. <strong>(A58432725)<\/strong>\u00a0 con direcci\u00f3n APARTADO DE CORREOS n\u00ba 42 08105 Sant Fost de Campsentelles BARCELONA (ESPA\u00d1A)\u00a0y tel\u00e9fono de contacto 902 24 07 10.<\/p>\n<p>La empresa <strong>CUALITAS INDUSTRIAL, S.A.U. y\/o INSTACLACK INTERNACIONAL, S.A<\/strong>.\u00a0est\u00e1 inscrita en el Registro Mercantil de Barcelona, en el Libro de Sociedades, Tomo XXX , Folio XXX , Hoja XXX.<\/p>\n<p>Los contenidos, organizaci\u00f3n y elecci\u00f3n de los enlaces han sido seleccionados y coordinados por <strong>CUALITAS INDUSTRIAL, S.A.U. y\/o INSTACLACK INTERNACIONAL, S.A<\/strong>..<\/p>\n<p>Se proh\u00edbe la reproducci\u00f3n total o parcial de los contenidos de esta web sin citar su origen debiendo solicitar autorizaci\u00f3n previa.<\/p>\n<p>La informaci\u00f3n contenida en esta web ha sido elaborada por <strong>CUALITAS INDUSTRIAL, S.A.U. y\/o INSTACLACK INTERNACIONAL, S.A<\/strong>..<\/p>\n<p>El buz\u00f3n de contacto de la web tiene car\u00e1cter meramente informativo, sin que, en ning\u00fan caso, puedan derivarse de la contestaci\u00f3n efecto jur\u00eddico vinculante.<\/p>\n<\/div>\n<p>[\/vc_column_text][vc_empty_space][\/vc_column][\/vc_row]<\/p>\n<\/section>","protected":false},"excerpt":{"rendered":"<p>[vc_row css_animation=&#8221;&#8221; row_type=&#8221;row&#8221; use_row_as_full_screen_section=&#8221;no&#8221; type=&#8221;full_width&#8221; angled_section=&#8221;no&#8221; text_align=&#8221;left&#8221; background_image_as_pattern=&#8221;without_pattern&#8221; padding_bottom=&#8221;50&#8243;][vc_column][vc_column_text] Legal Advice [\/vc_column_text][vc_empty_space][\/vc_column][\/vc_row][vc_row css_animation=&#8221;&#8221; row_type=&#8221;row&#8221; use_row_as_full_screen_section=&#8221;no&#8221; type=&#8221;full_width&#8221; angled_section=&#8221;no&#8221; text_align=&#8221;left&#8221; background_image_as_pattern=&#8221;without_pattern&#8221; padding_bottom=&#8221;50&#8243;][vc_column][vc_column_text] De acuerdo con el art\u00edculo 10 de la Ley 34\/2002, de 11 de Julio, de Servicios de la Sociedad de la Informaci\u00f3n y Comercio Electr\u00f3nico,&#8230;<\/p>\n","protected":false},"author":1,"featured_media":0,"parent":0,"menu_order":0,"comment_status":"closed","ping_status":"closed","template":"","meta":{"footnotes":""},"_links":{"self":[{"href":"https:\/\/www.taver.es\/en\/wp-json\/wp\/v2\/pages\/2510"}],"collection":[{"href":"https:\/\/www.taver.es\/en\/wp-json\/wp\/v2\/pages"}],"about":[{"href":"https:\/\/www.taver.es\/en\/wp-json\/wp\/v2\/types\/page"}],"author":[{"embeddable":true,"href":"https:\/\/www.taver.es\/en\/wp-json\/wp\/v2\/users\/1"}],"replies":[{"embeddable":true,"href":"https:\/\/www.taver.es\/en\/wp-json\/wp\/v2\/comments?post=2510"}],"version-history":[{"count":1,"href":"https:\/\/www.taver.es\/en\/wp-json\/wp\/v2\/pages\/2510\/revisions"}],"predecessor-version":[{"id":6481,"href":"https:\/\/www.taver.es\/en\/wp-json\/wp\/v2\/pages\/2510\/revisions\/6481"}],"wp:attachment":[{"href":"https:\/\/www.taver.es\/en\/wp-json\/wp\/v2\/media?parent=2510"}],"curies":[{"name":"wp","href":"https:\/\/api.w.org\/{rel}","templated":true}]}}